{"id":1004,"date":"2024-02-12T11:47:14","date_gmt":"2024-02-12T10:47:14","guid":{"rendered":"https:\/\/www.housuvmlyn.cz\/?page_id=1004"},"modified":"2025-09-22T12:56:44","modified_gmt":"2025-09-22T10:56:44","slug":"podkrovni-saly","status":"publish","type":"page","link":"https:\/\/www.housuvmlyn.cz\/de\/podkrovni-saly\/","title":{"rendered":"Podkrovn\u00ed s\u00e1ly"},"content":{"rendered":"<h3>Cen\u00edk:<\/h3>\n<p>Pro akce do&nbsp;100 osob:<\/p>\n<div class=\"c-res-table\">\n<table class=\"hmcenik\" border=\"0\" cellspacing=\"0\">\n<thead>\n<tr>\n<th><\/th>\n<th>1 hod.<\/th>\n<th>Den<br \/>\n8-20 hod.<\/th>\n<th>Noc<br \/>\n20-8 hod.<\/th>\n<th>Cel\u00fd den<br \/>\n24 hod.<\/th>\n<\/tr>\n<\/thead>\n<tbody>\n<tr>\n<td>Velk\u00fd s\u00e1l 218 m2<\/td>\n<td>1.000&nbsp;K\u010d<\/td>\n<td>6.500&nbsp;K\u010d<\/td>\n<td>6.000&nbsp;K\u010d<\/td>\n<td>12.000&nbsp;K\u010d<\/td>\n<\/tr>\n<tr>\n<td>Mal\u00fd s\u00e1l 105 m2<\/td>\n<td>500&nbsp;K\u010d<\/td>\n<td>3.250&nbsp;K\u010d<\/td>\n<td>3.000&nbsp;K\u010d<\/td>\n<td>6.000&nbsp;K\u010d<\/td>\n<\/tr>\n<tr>\n<td>Celek<\/td>\n<td>1.500&nbsp;K\u010d<\/td>\n<td>8.000&nbsp;K\u010d<\/td>\n<td>7.000&nbsp;K\u010d<\/td>\n<td>15.000&nbsp;K\u010d<\/td>\n<\/tr>\n<\/tbody>\n<\/table>\n<\/div>\n<p>Pro akce nad 100 osob individu\u00e1ln\u00ed cen\u00edk.<br \/>\nP\u0159i&nbsp;pravideln\u00e9m a&nbsp;v\u00edcedenn\u00edm pron\u00e1jmu cena dohodou.<br \/>\nMo\u017enost noclehu na vlastn\u00edch karimatk\u00e1ch ve spac\u00edch pytlech.<br \/>\nToalety a&nbsp;sprchy jsou k\u00a0dispozici pro oba s\u00e1ly s\u00a0p\u0159\u00edstupem z\u00a0mal\u00e9ho s\u00e1lu.<\/p>\n<p><strong>V cen\u011b:<\/strong><br \/>\nWifi, z\u00e1kladn\u00ed propagace na soc. s\u00edt\u00edch, b\u011b\u017en\u00fd \u00faklid do&nbsp;4 hodin.<\/p>\n<p><strong>K zap\u016fj\u010den\u00ed:<\/strong><br \/>\nFlipchart, dataprojektor, mobiln\u00ed pl\u00e1tno, reproduktor, mikrofon - 2.200&nbsp;K\u010d<br \/>\nTatami 6x10m - 4.000&nbsp;K\u010d<br \/>\nBoxovac\u00ed pytel, \u017e\u00edn\u011bnky, posilovac\u00ed asyrsk\u00e9 palice - 2.500&nbsp;K\u010d<\/p>\n<p><strong>N\u011bco nav\u00edc:<\/strong><br \/>\nCatering, slu\u017eby kr\u010dmy, parkov\u00e1n\u00ed zdarma, mo\u017enost ubytov\u00e1n\u00ed, p\u0159\u00e1telsk\u00e9 prost\u0159ed\u00ed, marketingov\u00e1 podpora.<\/p>\n<p>&nbsp;<\/p>\n<h3>Kontakt:<\/h3>\n<p><strong>Viktor Br\u00e1zdil<\/strong><br \/>\n<a href=\"tel:+420732357943\">+420732357943<\/a><br \/>\n<a class=\"moz-txt-link-abbreviated\" title=\"mailto:viktor@housuvmlyn.cz\" href=\"mailto:viktor@housuvmlyn.cz\">viktor@housuvmlyn.cz<\/a><\/p>","protected":false},"excerpt":{"rendered":"<p>Cen\u00edk: Pro akce do&nbsp;100 osob: 1 hod. Den 8-20 hod. Noc 20-8 hod. Cel\u00fd den 24 hod. Velk\u00fd s\u00e1l 218 m2&nbsp;1.000&nbsp;K\u010d 6.500&nbsp;K\u010d 6.000&nbsp;K\u010d 12.000&nbsp;K\u010d Mal\u00fd s\u00e1l 105 m2&nbsp;500&nbsp;K\u010d 3.250&nbsp;K\u010d 3.000&nbsp;K\u010d 6.000&nbsp;K\u010d Celek 1.500&nbsp;K\u010d 8.000&nbsp;K\u010d 7.000&nbsp;K\u010d 15.000&nbsp;K\u010d Pro akce nad 100 osob individu\u00e1ln\u00ed cen\u00edk. P\u0159i&nbsp;pravideln\u00e9m a&nbsp;v\u00edcedenn\u00edm pron\u00e1jmu cena dohodou. Mo\u017enost noclehu na vlastn\u00edch karimatk\u00e1ch [&hellip;]<\/p>","protected":false},"author":1,"featured_media":0,"parent":0,"menu_order":0,"comment_status":"closed","ping_status":"closed","template":"","meta":{"_acf_changed":false,"_sitemap_exclude":false,"_sitemap_priority":"","_sitemap_frequency":"","footnotes":""},"class_list":["post-1004","page","type-page","status-publish","hentry"],"acf":[],"_links":{"self":[{"href":"https:\/\/www.housuvmlyn.cz\/de\/wp-json\/wp\/v2\/pages\/1004","targetHints":{"allow":["GET"]}}],"collection":[{"href":"https:\/\/www.housuvmlyn.cz\/de\/wp-json\/wp\/v2\/pages"}],"about":[{"href":"https:\/\/www.housuvmlyn.cz\/de\/wp-json\/wp\/v2\/types\/page"}],"author":[{"embeddable":true,"href":"https:\/\/www.housuvmlyn.cz\/de\/wp-json\/wp\/v2\/users\/1"}],"replies":[{"embeddable":true,"href":"https:\/\/www.housuvmlyn.cz\/de\/wp-json\/wp\/v2\/comments?post=1004"}],"version-history":[{"count":11,"href":"https:\/\/www.housuvmlyn.cz\/de\/wp-json\/wp\/v2\/pages\/1004\/revisions"}],"predecessor-version":[{"id":1488,"href":"https:\/\/www.housuvmlyn.cz\/de\/wp-json\/wp\/v2\/pages\/1004\/revisions\/1488"}],"wp:attachment":[{"href":"https:\/\/www.housuvmlyn.cz\/de\/wp-json\/wp\/v2\/media?parent=1004"}],"curies":[{"name":"wp","href":"https:\/\/api.w.org\/{rel}","templated":true}]}}