{"id":168,"date":"2022-04-05T21:57:15","date_gmt":"2022-04-05T19:57:15","guid":{"rendered":"https:\/\/www.housuvmlyn.cz\/?page_id=168"},"modified":"2025-06-06T16:34:15","modified_gmt":"2025-06-06T14:34:15","slug":"filmova-krcma","status":"publish","type":"page","link":"https:\/\/www.housuvmlyn.cz\/de\/filmova-krcma\/","title":{"rendered":"Filmov\u00e1 kr\u010dma s&nbsp;atmosf\u00e9rou"},"content":{"rendered":"<p>Kr\u010dma je ide\u00e1ln\u00ed pro v\u0161echny typy n\u00e1v\u0161t\u011bvn\u00edk\u016f: osam\u011bl\u00e9 stolovn\u00edky, \u010derstv\u011b zamilovan\u00e9, ale i&nbsp;dlouhodob\u011b sehran\u00e9 dvojice, rodiny, party, skupiny, kruhy, i&nbsp;z\u00e1stupy. V\u011bt\u0161\u00ed mno\u017estv\u00ed (nad 10 osob) doporu\u010dujeme hl\u00e1sit p\u0159edem, abychom zajistili dostate\u010dn\u011b rychlou obsluhu pro v\u0161echny n\u00e1v\u0161t\u011bvn\u00edky.<\/p>\n<p>Pokud by n\u011bkoho nudila konverzace u&nbsp;stolu, m\u016f\u017ee se&nbsp;vymluvit na <a href=\"https:\/\/www.housuvmlyn.cz\/de\/filmova-zbrojnice\/\">domluvenou prohl\u00eddku filmov\u00e9 zbrojnice.<\/a><\/p>\n<p>Kdy\u017e z\u016fstanete d\u00e9le nebo nepl\u00e1novan\u011b po\u017eijete alkohol, <a href=\"https:\/\/www.housuvmlyn.cz\/de\/ubytovani\/\">m\u016f\u017eete u&nbsp;n\u00e1s i&nbsp;stylov\u011b p\u0159espat.<\/a><\/p>\n<p>Zam\u00ed\u0159\u00edte-li k&nbsp;n\u00e1m za&nbsp;pomoci dopravn\u00edch prost\u0159edk\u016f, a\u0165 u\u017e je to l\u00e9taj\u00edc\u00ed jednoro\u017eec, kolo, motorka nebo v\u00fdletn\u00ed mikrobus, m\u016f\u017eete zaparkovat p\u0159\u00edmo p\u0159ed kr\u010dmou.<\/p>","protected":false},"excerpt":{"rendered":"<p>Kr\u010dma je ide\u00e1ln\u00ed pro v\u0161echny typy n\u00e1v\u0161t\u011bvn\u00edk\u016f: osam\u011bl\u00e9 stolovn\u00edky, \u010derstv\u011b zamilovan\u00e9, ale i&nbsp;dlouhodob\u011b sehran\u00e9 dvojice, rodiny, party, skupiny, kruhy, i&nbsp;z\u00e1stupy. V\u011bt\u0161\u00ed mno\u017estv\u00ed (nad 10 osob) doporu\u010dujeme hl\u00e1sit p\u0159edem, abychom zajistili dostate\u010dn\u011b rychlou obsluhu pro v\u0161echny n\u00e1v\u0161t\u011bvn\u00edky. Pokud by n\u011bkoho nudila konverzace u&nbsp;stolu, m\u016f\u017ee se&nbsp;vymluvit na domluvenou prohl\u00eddku filmov\u00e9 zbrojnice. Kdy\u017e z\u016fstanete d\u00e9le nebo nepl\u00e1novan\u011b po\u017eijete [&hellip;]<\/p>","protected":false},"author":1,"featured_media":0,"parent":0,"menu_order":0,"comment_status":"closed","ping_status":"closed","template":"","meta":{"_acf_changed":false,"_sitemap_exclude":false,"_sitemap_priority":"","_sitemap_frequency":"","footnotes":""},"class_list":["post-168","page","type-page","status-publish","hentry"],"acf":[],"_links":{"self":[{"href":"https:\/\/www.housuvmlyn.cz\/de\/wp-json\/wp\/v2\/pages\/168","targetHints":{"allow":["GET"]}}],"collection":[{"href":"https:\/\/www.housuvmlyn.cz\/de\/wp-json\/wp\/v2\/pages"}],"about":[{"href":"https:\/\/www.housuvmlyn.cz\/de\/wp-json\/wp\/v2\/types\/page"}],"author":[{"embeddable":true,"href":"https:\/\/www.housuvmlyn.cz\/de\/wp-json\/wp\/v2\/users\/1"}],"replies":[{"embeddable":true,"href":"https:\/\/www.housuvmlyn.cz\/de\/wp-json\/wp\/v2\/comments?post=168"}],"version-history":[{"count":16,"href":"https:\/\/www.housuvmlyn.cz\/de\/wp-json\/wp\/v2\/pages\/168\/revisions"}],"predecessor-version":[{"id":1311,"href":"https:\/\/www.housuvmlyn.cz\/de\/wp-json\/wp\/v2\/pages\/168\/revisions\/1311"}],"wp:attachment":[{"href":"https:\/\/www.housuvmlyn.cz\/de\/wp-json\/wp\/v2\/media?parent=168"}],"curies":[{"name":"wp","href":"https:\/\/api.w.org\/{rel}","templated":true}]}}