{"id":595,"date":"2022-05-26T15:26:25","date_gmt":"2022-05-26T13:26:25","guid":{"rendered":"https:\/\/www.housuvmlyn.cz\/?page_id=595"},"modified":"2022-08-03T13:22:07","modified_gmt":"2022-08-03T11:22:07","slug":"petr-nusek-majitel-housuv-mlyn","status":"publish","type":"page","link":"https:\/\/www.housuvmlyn.cz\/de\/petr-nusek-majitel-housuv-mlyn\/","title":{"rendered":"Petr N\u016fsek A.R.G.O."},"content":{"rendered":"<h3>\u0160erm<\/h3>\n<p>Je spoluzakladatelem, kvestorem a&nbsp;lektorem \u0161koly evropsk\u00fdch historick\u00fdch bojov\u00fdch um\u011bn\u00ed Magisterium. Je zakl\u00e1daj\u00edc\u00edm \u010dlenem a&nbsp;do&nbsp;roku 2004 byl prvn\u00edm viceprezidentem \u010cesk\u00e9 asociace \u0161erm\u00ed\u0159\u016f. Je spoluzakladatelem kontaktn\u00edch turnaj\u016f pro ov\u011b\u0159ov\u00e1n\u00ed bojov\u00fdch technik (od&nbsp;roku 1993 do&nbsp;1999). P\u016fsob\u00ed jako profesion\u00e1ln\u00ed lektor aprobovan\u00fd pro \u0161erm historick\u00fdmi zbran\u011bmi, v&nbsp;syst\u00e9mu Ing. Petera Kozy je jako jedin\u00fd dr\u017eitelem hodnocen\u00ed podmistra ve \u010dty\u0159ech \u0161kol\u00e1ch (italsk\u00e1, n\u011bmeck\u00e1, francouzsk\u00e1 + evropsk\u00e1 a&nbsp;orient\u00e1ln\u00ed \u0161avle). Je vysoce aprobovan\u00fd pro \u0161pan\u011blskou \u0161kolu, vyu\u010duje boj hol\u00ed, cepem a&nbsp;ostatn\u00edmi d\u0159evcov\u00fdmi zbran\u011bmi. V&nbsp;sou\u010dasn\u00e9 dob\u011b je jedin\u00fdm \u010desk\u00fdm pedagogem, kter\u00fd se&nbsp;zab\u00fdv\u00e1 systematickou v\u00fdukou boje \u0161avl\u00ed pou\u017e\u00edvan\u00e9ho p\u0159ed rokem 1800.<\/p>\n<p>Historick\u00fd a&nbsp;inscenovan\u00fd \u0161erm vyu\u010duje od&nbsp;roku 1990. Jeho <a href=\"http:\/\/www.skolasermu.cz\/\" target=\"_blank\" rel=\"noopener\">Akademi\u00ed ryt\u00ed\u0159sk\u00fdch um\u011bn\u00ed A.K.A.,<\/a> kter\u00e1 pat\u0159\u00ed k&nbsp;nejstar\u0161\u00edm a&nbsp;nejnav\u0161t\u011bvovan\u011bj\u0161\u00edm \u0161erm\u00ed\u0159sk\u00fdm \u0161kol\u00e1m v&nbsp;Evrop\u011b, pro\u0161ly stovky \u017e\u00e1k\u016f z&nbsp;\u0159ad \u0161erm\u00ed\u0159\u016f a&nbsp;profesion\u00e1ln\u00edch um\u011blc\u016f.\u00a0 Pod\u00edlel se&nbsp;na \u0161erm\u00ed\u0159sk\u00e9m v\u00fdcviku a&nbsp;p\u0159\u00edprav\u011b \u0159ady \u0161erm\u00ed\u0159sk\u00fdch osobnost\u00ed - Roman Sp\u00e1\u010dil, Borek Belf\u00edn, Petr Vytopil, Mirek Khun, Petr Barv\u00edk a&nbsp;dal\u0161\u00ed.\u00a0 Studenti A.K.A. s&nbsp;Petrem spolupracuj\u00ed na filmov\u00fdch projektech, divadeln\u00edch choreografi\u00edch a&nbsp;show po&nbsp;cel\u00e9 \u010cR.<\/p>\n<p>Vede workshopy a&nbsp;vyu\u010duje v&nbsp;zahrani\u010d\u00ed (N\u011bmecko, It\u00e1lie, D\u00e1nsko, USA, Slovensko), po\u0159\u00e1d\u00e1 p\u0159edn\u00e1\u0161ky a&nbsp;semin\u00e1\u0159e pro divadeln\u00edky (N\u00e1rodn\u00ed divadeln\u00ed d\u00edlny \u0160umperk, \u0160r\u00e1mk\u016fv P\u00edsek nebo Vy\u0161kov). P\u016fsob\u00ed jako porotce nap\u0159\u00edklad na divadeln\u00edch a&nbsp;\u0161erm\u00ed\u0159sk\u00fdch p\u0159ehl\u00eddk\u00e1ch Budy\u0148sk\u00e1 koruna, Ro\u017enovsk\u00e1 vala\u0161ka v&nbsp;\u010cesk\u00e9m Krumlov\u011b a&nbsp;\u0159ad\u011b dal\u0161\u00edch.\u00a0 Je majitelem a&nbsp;art-directorem <a href=\"http:\/\/www.agentura-argo.cz\" target=\"_blank\" rel=\"noopener\">agentury pro historii v&nbsp;akci A.R.G.O<\/a>.<\/p>\n<h3>Film a&nbsp;divadlo<\/h3>\n<p>Petr m\u00e1 za&nbsp;sebou stovky filmov\u00fdch projekt\u016f a&nbsp;divadeln\u00edch choreografi\u00ed. V\u011bnuje se&nbsp;designu zbran\u00ed pro divadlo a&nbsp;film. Vede <a href=\"http:\/\/www.warriors.cz\" target=\"_blank\" rel=\"noopener\">profesion\u00e1ln\u00ed t\u00fdm A.R.G.O. Warriors.<\/a> Sb\u00edrku nejlep\u0161\u00edch kousk\u016f z&nbsp;filmov\u00fdch projekt\u016f z&nbsp;cel\u00e9ho sv\u011bta p\u0159edstavuje pr\u00e1v\u011b na Housov\u011b ml\u00fdn\u011b v&nbsp;T\u00e1bo\u0159e.<\/p>\n<p><a href=\"http:\/\/www.warriors.cz\/cz\/argo-reference.html\" target=\"_blank\" rel=\"noopener\">Filmov\u00e9 a&nbsp;divadeln\u00ed reference najdete na webu t\u00fdmu Warriors<\/a><\/p>\n<div class=\"c-columns-2 c-columns-m-1 c-columns-gap-m c-margin-top-l\">\n<div class=\"col1\">\n<h3 class=\"c-h5\">spolupr\u00e1ce v&nbsp;oboru:<\/h3>\n<ul>\n<li>William Hobbs (GB), fight director<\/li>\n<li>Nick Powell (CA), stunt coordinator<\/li>\n<li>Leo\u0161 Str\u00e1nsk\u00fd (CZ), stunt coordinator<\/li>\n<li>Pavel Vokoun (CZ), stunt coordinator<\/li>\n<li>L. Beran, tane\u010dn\u00edk, choreograf a&nbsp;herec<\/li>\n<li>Jim Atcheson (GB), filmov\u00fd architekt<\/li>\n<li>Uli Edel (USA), re\u017eis\u00e9r<\/li>\n<li>Oliver Hirschbiegel (DE), re\u017eis\u00e9r<\/li>\n<li>Christoph Schrewe (DE), re\u017eis\u00e9r<\/li>\n<li>Cascades (FR), stunt team<\/li>\n<li>pplk. Eduard Vagner-historik, specialista histoie v\u00e1le\u010dnictv\u00ed<\/li>\n<li>Prof. V\u00e1clav Martinec \u2013 JAMU - re\u017eis\u00e9r<\/li>\n<li>PhDr. Pavel Plch - pedagog \u0161ermu<\/li>\n<li>Vladim\u00edr \u0160indel\u00e1\u0159 - historik a&nbsp;spisovatel<\/li>\n<li>M.V.Kratochv\u00edl - spisovatel<\/li>\n<li>Richard Hess - tane\u010dn\u00ed choreograf, producent<\/li>\n<li>Vlasta \u010cerv - tane\u010dn\u00ed choreograf<\/li>\n<li>ing. Peter Koza \u0161erm\u00ed\u0159sk\u00fd mistr<\/li>\n<li>Silvestr Zezula - tren\u00e9r, sportovn\u00ed \u0161erm<\/li>\n<li>Dick Wheler USA Klauni\u00e1da - Reed Nousses<\/li>\n<li>Kate\u0159ina Melenov\u00e1 - re\u017eis\u00e9rka<\/li>\n<li>Old\u0159ich Lichtenberk - muzik\u00e1lov\u00fd producent<\/li>\n<li>ing. Petr Barv\u00edk - horse master<\/li>\n<li>Karel Tomas ARTAMA - divadelni specialista<\/li>\n<li>FISAS \u2013 mezin\u00e1rodn\u00ed asociace \u0161ermu<br \/>\n(Andrea Lupo Sinclair,\u00a0Mark Donnelly,\u00a0Ram\u00f3n Mart\u00ednez,\u00a0Paul MacDonald,\u00a0Cosimo Bruno, Alberto Bomprezz\u00ed)<\/li>\n<li>Pavel Khek, re\u017eis\u00e9r<\/li>\n<li>Petr Vesel\u00fd, re\u017eis\u00e9r<\/li>\n<li>Jakub Nv\u00f3ta, re\u017eis\u00e9r<\/li>\n<li>Josef Bedn\u00e1rik, re\u017eis\u00e9r<\/li>\n<li>Filip Ren\u010d, re\u017eis\u00e9r<\/li>\n<li>Petr Zelenka, re\u017eis\u00e9r<\/li>\n<li>Petr P\u00e1lik, re\u017eis\u00e9r<\/li>\n<li>Petra Parvoni\u010dov\u00e1, choreografka<\/li>\n<\/ul>\n<h3 class=\"c-h5\">autor projekt\u016f:<\/h3>\n<ul>\n<li>O\u017eiven\u00ed historick\u00e9ho j\u00e1dra m\u011bsta T\u00e1bora\u00a0(od&nbsp;roku 1995) (festival T\u00e1borsk\u00e1 setk\u00e1n\u00ed, festival Divadlo na dla\u017eb\u011b, Taverna na n\u00e1m\u011bst\u00ed, festival pro \u0161koly Husitsk\u00e9 dny, keltsk\u00e9 sv\u00e1tky, Dob\u00fdv\u00e1n\u00ed T\u00e1bora \u0160v\u00e9dy, Hudebn\u00ed krby, v\u00e1no\u010dn\u00ed trhy, \u2026)<\/li>\n<li>Cesta mistra Jana Husa do&nbsp;Kostnice (spole\u010dn\u011b s&nbsp;ing. P.Kozou, A.\u017d\u00eddkem a&nbsp;J.Navarou) 1995<\/li>\n<li>Rekonstrukce ob\u0159\u00edch dob\u00fdvac\u00edch stroj\u016f - re\u017eie doprovodn\u00fdch program\u016f (1993 - 1994) \u010cR, N\u011bmecko \u2013 spole\u010dn\u011b se&nbsp;\u017d\u00eddkem a&nbsp;Zapletalem<\/li>\n<li>Sv. Ji\u0159\u00ed a&nbsp;drak - exterierov\u00e1 rekonstrukce st\u0159edov\u011bk\u00e9ho Mirabelu.<\/li>\n<li>D\u011bjeprava aneb Krumlov\u0161t\u00ed Petrov\u0161t\u00ed p\u0159ed tabul\u00ed - p\u0159edn\u00e1\u0161kov\u00fd divadelni po\u0159ad pro \u0161koly. O&nbsp;historii ryt\u00ed\u0159stv\u00ed v&nbsp;pr\u016fb\u011bhu stalet\u00ed.<\/li>\n<li>Ryt\u00ed\u0159i z&nbsp;\u010cech a\u017e na konci sv\u011bta \u2013 USA Sv\u011btov\u00fd festival folkloru, historie a&nbsp;kultury (1996 - 2001)<\/li>\n<li>Krumlovsk\u00fd z\u00e1meck\u00fd Ma\u0161karn\u00ed s\u00e1l - projekt Masky<\/li>\n<\/ul>\n<\/div>\n<div class=\"col2\">\n<h3 class=\"c-h5\">dal\u0161\u00ed spolupr\u00e1ce:<\/h3>\n<ul>\n<li>gladi\u00e1torsk\u00e9 hry Fiazole ve Florencii<\/li>\n<li>poradce projektu Corvus Moravia aneb St\u0159edov\u011bk\u00fd Vy\u0161kov<\/li>\n<li>supervizor programov\u00e9 n\u00e1pln\u011b Rekonstrukce kl\u00e1\u0161ter\u016f v&nbsp;\u010cesk\u00e9m Krumlov\u011b<\/li>\n<li>obnova tradic historick\u00fdch slavnost\u00ed m\u011bst \u2013 re\u017eis\u00e9r, supervizor a&nbsp;producent \u2013 cca 400 realizac\u00ed<\/li>\n<li>programov\u00fd \u0159editel z\u00e1\u017eitkov\u00e9ho skanzenu Hous\u016fv ml\u00fdn<\/li>\n<li>um\u011bleck\u00fd \u0159editel a&nbsp;majitel Agentury A.R.G.O.<\/li>\n<li>supervizor a&nbsp;design\u00e9r stylov\u00fdch historick\u00fdch prostor\u016f (st\u0159edov\u011bk\u00e1 kr\u010dma T\u00e1bor, ryt\u00ed\u0159sk\u00e1 kr\u010dma Mark\u00e9ta \u010cesk\u00fd Krumlov, keltsk\u00fd klub T\u00e1bor, stylov\u00e1 restaurace U&nbsp;T\u0159\u00ed ko\u010dek T\u00e1bor)<\/li>\n<li>vedl ak\u010dn\u00ed a&nbsp;pohybovou pr\u016fpravu herc\u016f profesion\u00e1ln\u00edho Divadla M v&nbsp;\u010cesk\u00fdch Bud\u011bjovic\u00edch<\/li>\n<\/ul>\n<h3 class=\"c-h5\">oborov\u00e9 vzd\u011bl\u00e1n\u00ed a&nbsp;info - stage fight a&nbsp;\u0161erm:<\/h3>\n<ul>\n<li>historick\u00fd \u0161erm od&nbsp;roku 1980 - profesion\u00e1ln\u00ed kvalifikaci z\u00edskal v&nbsp;roce 1988 u&nbsp;um\u011bleck\u00e9 agentury CirkCentrum Praha<\/li>\n<li>sportovn\u00ed \u0161erm - fleret (Jitex P\u00edsek)<\/li>\n<li>\u0159ada workshop\u016f: CZ, SK, USA, GB, IT, DE, DA<\/li>\n<li>lektor, aprobovan\u00fd pro \u0161erm historick\u00fdmi zbran\u011bmi<\/li>\n<li>choreograf pro stagefight - historick\u00fd a&nbsp;sc\u00e9nick\u00fd \u0161erm<\/li>\n<li>pedagog Prague Film School (akce na sc\u00e9n\u011b)<\/li>\n<li>poradce historie v\u00e1le\u010dnictv\u00ed pro film a&nbsp;divadlo (military advisor)<\/li>\n<li>designer zbran\u00ed a&nbsp;zbroj\u00ed pro film a&nbsp;divadlo<\/li>\n<li>\u0161erm\u00ed\u0159 a&nbsp;\u0161erm\u00ed\u0159sk\u00fd stunt-dubl<\/li>\n<li>\u0161erm\u00ed\u0159sk\u00e9 p\u0159edn\u00e1\u0161ky a&nbsp;semin\u00e1\u0159e pro divadeln\u00edky (N\u00e1rodn\u00ed divadeln\u00ed d\u00edlny \u0160umperk, \u0160r\u00e1mk\u016fv P\u00edsek, Vy\u0161kov\u2026)<\/li>\n<li>lektoroval \u0161erm\u00ed\u0159skou a&nbsp;pohybovou p\u0159\u00edpravu St\u0159edn\u00ed \u0161koly dramatick\u00fdch um\u011bn\u00ed v&nbsp;\u0160umperku<\/li>\n<li>vedl \u0161erm\u00ed\u0159sk\u00fd v\u00fdcvik a&nbsp;p\u0159ipravoval choreografie cca 17 SH\u0160<\/li>\n<li>zakladatel a&nbsp;\u0161\u00e9flektor Akademie ryt\u00ed\u0159sk\u00fdch um\u011bn\u00ed AKA (od&nbsp;roku 2000)<\/li>\n<li>porotce \u0161erm\u00ed\u0159sk\u00fdch a&nbsp;divadeln\u00edch p\u0159ehl\u00eddek (Budy\u0148sk\u00e1 koruna, Ro\u017enovsk\u00e1 vala\u0161ka, \u010cesk\u00fd Krumlov)<\/li>\n<li>Festival historick\u00fdch bojovn\u00edk\u016f (ve spolupr\u00e1ci s&nbsp;ateli\u00e9ry \u0161ermu a&nbsp;kancel\u00e1\u0159\u00ed Magisteria - od&nbsp;roku 2000)<\/li>\n<li>Spoluautor projektu \u0160erm\u00ed\u0159sk\u00e9 sympozium Znojmo 1995<\/li>\n<li>autor a&nbsp;producent \u0160erm\u00ed\u0159sk\u00e9 p\u0159ehl\u00eddky \u010cesk\u00fd Krumlov 1992 a&nbsp;T\u00e1bor 1994.<\/li>\n<li>\u0161erm\u00ed\u0159sk\u00e9 p\u0159edn\u00e1\u0161ky a&nbsp;semin\u00e1\u0159e pro divadeln\u00edky (N\u00e1rodn\u00ed divadeln\u00ed d\u00edlny \u0160umperk, \u0160r\u00e1mk\u016fv P\u00edsek, Vy\u0161kov\u2026)<\/li>\n<li>zakl\u00e1daj\u00edc\u00ed \u010dlen a&nbsp;do&nbsp;r. 2004 prvn\u00ed viceprezident \u010cesk\u00e9 asociace \u0161erm\u00ed\u0159\u016f CAHF<\/li>\n<li>profesion\u00e1ln\u00edm hercem divadla \"M\" \u010cesk\u00e9 Bud\u011bjovice 1991-1995<\/li>\n<li>vedl ak\u010dn\u00ed a&nbsp;pohybovou pr\u016fpravu herc\u016f profesion\u00e1ln\u00edho Divadla M v&nbsp;\u010cesk\u00fdch Bud\u011bjovic\u00edch<\/li>\n<li>vede profesion\u00e1ln\u00ed \u0161erm\u00ed\u0159sk\u00e9 A.R.G.O. t\u00fdmy Swordsmen, Warriors, Kentaur a&nbsp;Nemesis<\/li>\n<\/ul>\n<\/div>\n<\/div>","protected":false},"excerpt":{"rendered":"<p>\u0160erm Je spoluzakladatelem, kvestorem a&nbsp;lektorem \u0161koly evropsk\u00fdch historick\u00fdch bojov\u00fdch um\u011bn\u00ed Magisterium. Je zakl\u00e1daj\u00edc\u00edm \u010dlenem a&nbsp;do&nbsp;roku 2004 byl prvn\u00edm viceprezidentem \u010cesk\u00e9 asociace \u0161erm\u00ed\u0159\u016f. Je spoluzakladatelem kontaktn\u00edch turnaj\u016f pro ov\u011b\u0159ov\u00e1n\u00ed bojov\u00fdch technik (od&nbsp;roku 1993 do&nbsp;1999). P\u016fsob\u00ed jako profesion\u00e1ln\u00ed lektor aprobovan\u00fd pro \u0161erm historick\u00fdmi zbran\u011bmi, v&nbsp;syst\u00e9mu Ing. Petera Kozy je jako jedin\u00fd dr\u017eitelem hodnocen\u00ed podmistra ve \u010dty\u0159ech \u0161kol\u00e1ch [&hellip;]<\/p>","protected":false},"author":3,"featured_media":0,"parent":0,"menu_order":0,"comment_status":"closed","ping_status":"closed","template":"","meta":{"_acf_changed":false,"_sitemap_exclude":false,"_sitemap_priority":"","_sitemap_frequency":"","footnotes":""},"class_list":["post-595","page","type-page","status-publish","hentry"],"acf":[],"_links":{"self":[{"href":"https:\/\/www.housuvmlyn.cz\/de\/wp-json\/wp\/v2\/pages\/595","targetHints":{"allow":["GET"]}}],"collection":[{"href":"https:\/\/www.housuvmlyn.cz\/de\/wp-json\/wp\/v2\/pages"}],"about":[{"href":"https:\/\/www.housuvmlyn.cz\/de\/wp-json\/wp\/v2\/types\/page"}],"author":[{"embeddable":true,"href":"https:\/\/www.housuvmlyn.cz\/de\/wp-json\/wp\/v2\/users\/3"}],"replies":[{"embeddable":true,"href":"https:\/\/www.housuvmlyn.cz\/de\/wp-json\/wp\/v2\/comments?post=595"}],"version-history":[{"count":4,"href":"https:\/\/www.housuvmlyn.cz\/de\/wp-json\/wp\/v2\/pages\/595\/revisions"}],"predecessor-version":[{"id":833,"href":"https:\/\/www.housuvmlyn.cz\/de\/wp-json\/wp\/v2\/pages\/595\/revisions\/833"}],"wp:attachment":[{"href":"https:\/\/www.housuvmlyn.cz\/de\/wp-json\/wp\/v2\/media?parent=595"}],"curies":[{"name":"wp","href":"https:\/\/api.w.org\/{rel}","templated":true}]}}