{"id":172,"date":"2022-04-05T21:57:45","date_gmt":"2022-04-05T19:57:45","guid":{"rendered":"https:\/\/www.housuvmlyn.cz\/?page_id=172"},"modified":"2025-08-21T13:45:19","modified_gmt":"2025-08-21T11:45:19","slug":"filmova-zbrojnice","status":"publish","type":"page","link":"https:\/\/www.housuvmlyn.cz\/en\/filmova-zbrojnice\/","title":{"rendered":"Z\u00e1\u017eitkov\u00e1 filmov\u00e1 zbrojnice"},"content":{"rendered":"<h3>Pro skupinky nad 10 osob si rezervujte prohl\u00eddku p\u0159edem telefonicky na <strong><a href=\"tel:+420775630665\" target=\"_self\" rel=\"noopener\">+420&nbsp;775&nbsp;630&nbsp;665<\/a><\/strong> ! Od&nbsp;\u0159\u00edjna do&nbsp;dubna je filmov\u00e1 zbrojnice uzav\u0159ena - prohl\u00eddky pro skupiny nad 10 osob jsou mo\u017en\u00e9 i&nbsp;mimo otev\u00edrac\u00ed dobu v&nbsp;zimn\u00edch m\u011bs\u00edc\u00edch!<\/h3>\n<p>V pr\u016fb\u011bhu kv\u011btna, \u010dervna a&nbsp;z\u00e1\u0159\u00ed je zbrojnice otev\u0159ena pouze o&nbsp;v\u00edkendech, prohl\u00eddky jsou v\u017edy v&nbsp;\u010dase 10:00, 11:00, 12:00, 13:00, 14:00, 15:00, 16:00 a&nbsp;17:00.<\/p>\n<p>V letn\u00edch m\u011bs\u00edc\u00edch (\u010dervenec \u2013 srpen) je zbrojnice otev\u0159ena denn\u011b v&nbsp;\u010dase 10:00, 11:00, 12:00, 13:00, 14:00, 15:00, 16:00 a&nbsp;17:00 a&nbsp;v&nbsp;p\u00e1tek i&nbsp;sobotu jsou ve\u010dern\u00ed prohl\u00eddky v&nbsp;18:00 a&nbsp;19:00.<\/p>\n<p>Prohl\u00eddka trv\u00e1 cca 45 minut. Maxim\u00e1ln\u00ed po\u010det \u00fa\u010dastn\u00edk\u016f prohl\u00eddky je 25 osob.<\/p>\n<p>&nbsp;<\/p>\n<p><strong>Cena vstupn\u00e9ho:<\/strong><\/p>\n<p>Dosp\u011bl\u00e1 osoba\u00a0\u00a0\u00a0\u00a0\u00a0\u00a0\u00a0\u00a0\u00a0\u00a0\u00a0\u00a0\u00a0\u00a0\u00a0\u00a0\u00a0 179&nbsp;K\u010d<\/p>\n<p>D\u011bti od&nbsp;6 do&nbsp;15 le \u00a0\u00a0\u00a0\u00a0\u00a0\u00a0\u00a0\u00a0\u00a0\u00a0\u00a0 129&nbsp;K\u010d<\/p>\n<p>ZTP\u00a0\u00a0\u00a0\u00a0\u00a0\u00a0\u00a0\u00a0\u00a0\u00a0\u00a0\u00a0\u00a0\u00a0\u00a0\u00a0\u00a0\u00a0\u00a0\u00a0\u00a0\u00a0\u00a0\u00a0\u00a0\u00a0\u00a0\u00a0\u00a0\u00a0\u00a0\u00a0\u00a0\u00a0\u00a0\u00a0\u00a0\u00a0 75\u00a0K\u010d<\/p>\n<p>FAMILY 2+2\u00a0\u00a0\u00a0\u00a0\u00a0\u00a0\u00a0\u00a0\u00a0\u00a0\u00a0\u00a0\u00a0\u00a0\u00a0\u00a0\u00a0 \u00a0 \u00a0 499&nbsp;K\u010d<\/p>\n<p>FAMILY 2+3\u00a0\u00a0\u00a0\u00a0\u00a0\u00a0\u00a0\u00a0\u00a0\u00a0\u00a0\u00a0\u00a0\u00a0\u00a0\u00a0\u00a0\u00a0 \u00a0\u00a0 599&nbsp;K\u010d<\/p>\n<p>D\u011bti do&nbsp;6 let \u00a0\u00a0\u00a0\u00a0\u00a0\u00a0\u00a0\u00a0\u00a0\u00a0\u00a0\u00a0\u00a0\u00a0\u00a0\u00a0\u00a0\u00a0 Zdarma<\/p>\n<p>&nbsp;<\/p>\n<p>&nbsp;<\/p>\n<p>&nbsp;<\/p>\n<h3>Z jak\u00fdch film\u016f m\u00e1me zbran\u011b, zbroje a&nbsp;rekvizity?<\/h3>\n<ul>\n<li>Marie Terezie (2017 - 2021)<\/li>\n<li>Emperor, 2018<\/li>\n<li>J\u00e1, Mattoni, seri\u00e1l, 2016<\/li>\n<li>Das Goldene Ufer, 2015<\/li>\n<li>Dina, dcera \u010darod\u011bjky\/Skammerens datter, 2015<\/li>\n<li>1864, 2013<\/li>\n<li>Serena, 2012<\/li>\n<li>Last Knights, 2012<\/li>\n<li>L'Homme qui rit, 2012<\/li>\n<li>Borgia III, seri\u00e1l, 2013<\/li>\n<li>Borgia II, seri\u00e1l, 2012<\/li>\n<li>Borgia, seri\u00e1l, 2012<\/li>\n<li>Les Adventures de Philibert, 2010<\/li>\n<li>Solomon Kane, 2009<\/li>\n<li>Pokoj v&nbsp;du\u0161i, 2009<\/li>\n<li>Wanted, 2008<\/li>\n<li>Letopisy Narnie: Princ Kaspian, 2008<\/li>\n<li>T\u0159i srdce, poh\u00e1dka, 2007<\/li>\n<li>Bathory, 2008<\/li>\n<li>Pope Joan, 2008<\/li>\n<li>12 Meter ohne Kopf, 2008<\/li>\n<li>Bojov\u00e1 um\u011bn\u00ed\u00a0aneb\u00a0Jednota osobnosti\u00a0(seri\u00e1l \u010cT), 2007<\/li>\n<li>Hannibal Rising, 2005<\/li>\n<li>Kr\u00e1lovstv\u00ed nebesk\u00e9, 2005<\/li>\n<li>Eurotrip, 2004<\/li>\n<li>Krev Templ\u00e1\u0159\u016f, 2004<\/li>\n<li>Help! I'm A&nbsp;Teenage Outlaw, 2004<\/li>\n<li>Tristan a&nbsp;Isolda, 2006<\/li>\n<li>Mists of Avalon, 2001<\/li>\n<li>Blade II, 2002<\/li>\n<li>Shanghai Knights, 2003<\/li>\n<li>Hellboy, 2004<\/li>\n<\/ul>","protected":false},"excerpt":{"rendered":"<p>Pro skupinky nad 10 osob si rezervujte prohl\u00eddku p\u0159edem telefonicky na +420&nbsp;775&nbsp;630&nbsp;665 ! Od&nbsp;\u0159\u00edjna do&nbsp;dubna je filmov\u00e1 zbrojnice uzav\u0159ena - prohl\u00eddky pro skupiny nad 10 osob jsou mo\u017en\u00e9 i&nbsp;mimo otev\u00edrac\u00ed dobu v&nbsp;zimn\u00edch m\u011bs\u00edc\u00edch! V&nbsp;pr\u016fb\u011bhu kv\u011btna, \u010dervna a&nbsp;z\u00e1\u0159\u00ed je zbrojnice otev\u0159ena pouze o&nbsp;v\u00edkendech, prohl\u00eddky jsou v\u017edy v&nbsp;\u010dase 10:00, 11:00, 12:00, 13:00, 14:00, 15:00, 16:00 a&nbsp;17:00. [&hellip;]<\/p>","protected":false},"author":1,"featured_media":0,"parent":0,"menu_order":0,"comment_status":"closed","ping_status":"closed","template":"","meta":{"_acf_changed":false,"_sitemap_exclude":false,"_sitemap_priority":"","_sitemap_frequency":"","footnotes":""},"class_list":["post-172","page","type-page","status-publish","hentry"],"acf":[],"_links":{"self":[{"href":"https:\/\/www.housuvmlyn.cz\/en\/wp-json\/wp\/v2\/pages\/172","targetHints":{"allow":["GET"]}}],"collection":[{"href":"https:\/\/www.housuvmlyn.cz\/en\/wp-json\/wp\/v2\/pages"}],"about":[{"href":"https:\/\/www.housuvmlyn.cz\/en\/wp-json\/wp\/v2\/types\/page"}],"author":[{"embeddable":true,"href":"https:\/\/www.housuvmlyn.cz\/en\/wp-json\/wp\/v2\/users\/1"}],"replies":[{"embeddable":true,"href":"https:\/\/www.housuvmlyn.cz\/en\/wp-json\/wp\/v2\/comments?post=172"}],"version-history":[{"count":20,"href":"https:\/\/www.housuvmlyn.cz\/en\/wp-json\/wp\/v2\/pages\/172\/revisions"}],"predecessor-version":[{"id":1473,"href":"https:\/\/www.housuvmlyn.cz\/en\/wp-json\/wp\/v2\/pages\/172\/revisions\/1473"}],"wp:attachment":[{"href":"https:\/\/www.housuvmlyn.cz\/en\/wp-json\/wp\/v2\/media?parent=172"}],"curies":[{"name":"wp","href":"https:\/\/api.w.org\/{rel}","templated":true}]}}