{"id":436,"date":"2022-04-22T14:43:05","date_gmt":"2022-04-22T12:43:05","guid":{"rendered":"https:\/\/www.housuvmlyn.cz\/?page_id=436"},"modified":"2022-08-03T13:25:30","modified_gmt":"2022-08-03T11:25:30","slug":"housuv-mlyn","status":"publish","type":"page","link":"https:\/\/www.housuvmlyn.cz\/en\/housuv-mlyn\/","title":{"rendered":"Hous\u016fv ml\u00fdn"},"content":{"rendered":"<h3><strong>Prostorn\u00fd venkovn\u00ed are\u00e1l nab\u00edz\u00ed velkou \u0159adu mo\u017enost\u00ed vyu\u017eit\u00ed<\/strong><\/h3>\n<ul>\n<li>Ve \u010dty\u0159ech patrech najdete velkou kr\u010dmu, klub, hlavn\u00ed s\u00e1l, filmovou zbrojnici, muzeum tortury, ubytov\u00e1n\u00ed, \u0161erm\u00edrnu, podkrovn\u00ed s\u00e1l, kostym\u00e9rnu a&nbsp;sklady rekvizit a&nbsp;dekorac\u00ed.<\/li>\n<li>T\u011bsn\u011b kolem are\u00e1lu proch\u00e1z\u00ed modern\u00ed\u00a0cyklostezka.<\/li>\n<li>Parkovi\u0161t\u011b\u00a0se nach\u00e1z\u00ed p\u0159\u00edmo u&nbsp;ml\u00fdna. Objekt je p\u0159\u00edstupn\u00fd i&nbsp;pro handicapovan\u00e9.<\/li>\n<li>Are\u00e1l v&nbsp;\u00fadol\u00ed Tismenick\u00e9ho potoka poskytuje tot\u00e1ln\u00ed soukrom\u00ed pro uzav\u0159en\u00e9 akce.<\/li>\n<\/ul>","protected":false},"excerpt":{"rendered":"<p>Prostorn\u00fd venkovn\u00ed are\u00e1l nab\u00edz\u00ed velkou \u0159adu mo\u017enost\u00ed vyu\u017eit\u00ed Ve \u010dty\u0159ech patrech najdete velkou kr\u010dmu, klub, hlavn\u00ed s\u00e1l, filmovou zbrojnici, muzeum tortury, ubytov\u00e1n\u00ed, \u0161erm\u00edrnu, podkrovn\u00ed s\u00e1l, kostym\u00e9rnu a&nbsp;sklady rekvizit a&nbsp;dekorac\u00ed. T\u011bsn\u011b kolem are\u00e1lu proch\u00e1z\u00ed modern\u00ed\u00a0cyklostezka. Parkovi\u0161t\u011b\u00a0se nach\u00e1z\u00ed p\u0159\u00edmo u&nbsp;ml\u00fdna. Objekt je p\u0159\u00edstupn\u00fd i&nbsp;pro handicapovan\u00e9. Are\u00e1l v&nbsp;\u00fadol\u00ed Tismenick\u00e9ho potoka poskytuje tot\u00e1ln\u00ed soukrom\u00ed pro uzav\u0159en\u00e9 akce.<\/p>","protected":false},"author":1,"featured_media":0,"parent":0,"menu_order":0,"comment_status":"closed","ping_status":"closed","template":"","meta":{"_acf_changed":false,"_sitemap_exclude":false,"_sitemap_priority":"","_sitemap_frequency":"","footnotes":""},"class_list":["post-436","page","type-page","status-publish","hentry"],"acf":[],"_links":{"self":[{"href":"https:\/\/www.housuvmlyn.cz\/en\/wp-json\/wp\/v2\/pages\/436","targetHints":{"allow":["GET"]}}],"collection":[{"href":"https:\/\/www.housuvmlyn.cz\/en\/wp-json\/wp\/v2\/pages"}],"about":[{"href":"https:\/\/www.housuvmlyn.cz\/en\/wp-json\/wp\/v2\/types\/page"}],"author":[{"embeddable":true,"href":"https:\/\/www.housuvmlyn.cz\/en\/wp-json\/wp\/v2\/users\/1"}],"replies":[{"embeddable":true,"href":"https:\/\/www.housuvmlyn.cz\/en\/wp-json\/wp\/v2\/comments?post=436"}],"version-history":[{"count":2,"href":"https:\/\/www.housuvmlyn.cz\/en\/wp-json\/wp\/v2\/pages\/436\/revisions"}],"predecessor-version":[{"id":834,"href":"https:\/\/www.housuvmlyn.cz\/en\/wp-json\/wp\/v2\/pages\/436\/revisions\/834"}],"wp:attachment":[{"href":"https:\/\/www.housuvmlyn.cz\/en\/wp-json\/wp\/v2\/media?parent=436"}],"curies":[{"name":"wp","href":"https:\/\/api.w.org\/{rel}","templated":true}]}}